{"id":7275,"date":"2025-06-24T14:02:36","date_gmt":"2025-06-24T14:02:36","guid":{"rendered":"https:\/\/janim.com.tr\/?post_type=product&#038;p=7275"},"modified":"2025-06-24T14:02:36","modified_gmt":"2025-06-24T14:02:36","slug":"janim-kirmizi-meyve-aromali-poset","status":"publish","type":"product","link":"https:\/\/janim.com.tr\/en\/product\/janim-kirmizi-meyve-aromali-poset\/","title":{"rendered":"Jan\u0131m K\u0131rm\u0131z\u0131 Meyve Aromal\u0131 Po\u015fet"},"content":{"rendered":"","protected":false},"excerpt":{"rendered":"","protected":false},"featured_media":7276,"comment_status":"open","ping_status":"closed","template":"","meta":[],"product_cat":[21],"product_tag":[],"_links":{"self":[{"href":"https:\/\/janim.com.tr\/en\/wp-json\/wp\/v2\/product\/7275"}],"collection":[{"href":"https:\/\/janim.com.tr\/en\/wp-json\/wp\/v2\/product"}],"about":[{"href":"https:\/\/janim.com.tr\/en\/wp-json\/wp\/v2\/types\/product"}],"replies":[{"embeddable":true,"href":"https:\/\/janim.com.tr\/en\/wp-json\/wp\/v2\/comments?post=7275"}],"wp:featuredmedia":[{"embeddable":true,"href":"https:\/\/janim.com.tr\/en\/wp-json\/wp\/v2\/media\/7276"}],"wp:attachment":[{"href":"https:\/\/janim.com.tr\/en\/wp-json\/wp\/v2\/media?parent=7275"}],"wp:term":[{"taxonomy":"product_cat","embeddable":true,"href":"https:\/\/janim.com.tr\/en\/wp-json\/wp\/v2\/product_cat?post=7275"},{"taxonomy":"product_tag","embeddable":true,"href":"https:\/\/janim.com.tr\/en\/wp-json\/wp\/v2\/product_tag?post=7275"}],"curies":[{"name":"wp","href":"https:\/\/api.w.org\/{rel}","templated":true}]}}